{"id":621,"date":"2018-04-20T11:21:53","date_gmt":"2018-04-20T10:21:53","guid":{"rendered":"https:\/\/peru.ghcranes.com\/oferta-grua-puente\/?page_id=621"},"modified":"2019-09-25T13:45:27","modified_gmt":"2019-09-25T12:45:27","slug":"puente-grua","status":"publish","type":"page","link":"https:\/\/peru.ghcranes.com\/oferta-grua-puente\/puente-grua\/","title":{"rendered":"Puente gr\u00faa"},"content":{"rendered":"<p>[et_pb_section bb_built=&#8221;1&#8243; fullwidth=&#8221;off&#8221; specialty=&#8221;off&#8221; transparent_background=&#8221;off&#8221; background_color=&#8221;#ffde01&#8243; allow_player_pause=&#8221;off&#8221; inner_shadow=&#8221;off&#8221; parallax=&#8221;off&#8221; parallax_method=&#8221;off&#8221; padding_mobile=&#8221;off&#8221; make_fullwidth=&#8221;off&#8221; use_custom_width=&#8221;off&#8221; width_unit=&#8221;on&#8221; make_equal=&#8221;off&#8221; use_custom_gutter=&#8221;off&#8221; custom_padding=&#8221;0px||0px|&#8221; custom_padding_last_edited=&#8221;off|desktop&#8221; custom_padding_tablet=&#8221;50px|0|50px|0&#8243; next_background_color=&#8221;#FFFFFF&#8221;][et_pb_row make_fullwidth=&#8221;off&#8221; use_custom_width=&#8221;off&#8221; width_unit=&#8221;on&#8221; use_custom_gutter=&#8221;off&#8221; padding_mobile=&#8221;off&#8221; allow_player_pause=&#8221;off&#8221; parallax=&#8221;off&#8221; parallax_method=&#8221;off&#8221; make_equal=&#8221;off&#8221; parallax_1=&#8221;off&#8221; parallax_method_1=&#8221;off&#8221; parallax_2=&#8221;off&#8221; parallax_method_2=&#8221;off&#8221; column_padding_mobile=&#8221;on&#8221; custom_padding=&#8221;5px||5px|&#8221; parallax_3=&#8221;off&#8221; parallax_method_3=&#8221;off&#8221; background_position=&#8221;top_left&#8221; background_repeat=&#8221;repeat&#8221; background_size=&#8221;initial&#8221;][et_pb_column type=&#8221;1_3&#8243;][et_pb_image admin_label=&#8221;Logo&#8221; src=&#8221;https:\/\/peru.ghcranes.com\/oferta-grua-puente\/wp-content\/uploads\/2018\/05\/logo_GH-peru.png&#8221; alt=&#8221;Logo GH Cranes &amp; Components&#8221; animation=&#8221;off&#8221; sticky=&#8221;off&#8221; use_border_color=&#8221;off&#8221; border_color=&#8221;#ffffff&#8221; border_style=&#8221;solid&#8221; custom_margin=&#8221;10px||10px|&#8221; url=&#8221;https:\/\/peru.ghcranes.com\/oferta-grua-puente\/&#8221; _builder_version=&#8221;3.2.2&#8243; \/][\/et_pb_column][et_pb_column type=&#8221;2_3&#8243;][et_pb_text admin_label=&#8221;Titulo&#8221; background_layout=&#8221;light&#8221; use_border_color=&#8221;off&#8221; header_font_size=&#8221;24px&#8221; custom_margin=&#8221;8px|||&#8221; background_position=&#8221;top_left&#8221; background_repeat=&#8221;repeat&#8221; background_size=&#8221;initial&#8221; module_alignment=&#8221;left&#8221; _builder_version=&#8221;3.0.92&#8243; header_line_height=&#8221;2em&#8221;]<\/p>\n<p>Puente gr\u00faa<\/p>\n<p>[\/et_pb_text][\/et_pb_column][\/et_pb_row][\/et_pb_section][et_pb_section bb_built=&#8221;1&#8243; fullwidth=&#8221;on&#8221; specialty=&#8221;off&#8221; prev_background_color=&#8221;#ffde01&#8243; next_background_color=&#8221;rgba(255,255,255,0)&#8221;][et_pb_fullwidth_image admin_label=&#8221;Puente gr\u00faa Per\u00fa&#8221; _builder_version=&#8221;3.2.2&#8243; src=&#8221;https:\/\/peru.ghcranes.com\/oferta-grua-puente\/wp-content\/uploads\/2018\/05\/gh-peru-puente-grua.jpg&#8221; \/][\/et_pb_section][et_pb_section bb_built=&#8221;1&#8243; admin_label=&#8221;section&#8221; transparent_background=&#8221;on&#8221; background_color=&#8221;rgba(255,255,255,0)&#8221; allow_player_pause=&#8221;off&#8221; inner_shadow=&#8221;off&#8221; parallax=&#8221;off&#8221; parallax_method=&#8221;off&#8221; padding_mobile=&#8221;off&#8221; make_fullwidth=&#8221;off&#8221; use_custom_width=&#8221;off&#8221; width_unit=&#8221;on&#8221; make_equal=&#8221;off&#8221; use_custom_gutter=&#8221;off&#8221; custom_padding_tablet=&#8221;50px|0|50px|0&#8243; custom_padding_last_edited=&#8221;on|desktop&#8221; prev_background_color=&#8221;#FFFFFF&#8221; next_background_color=&#8221;#ffffff&#8221;][et_pb_row background_position=&#8221;top_left&#8221; background_repeat=&#8221;repeat&#8221; background_size=&#8221;initial&#8221;][et_pb_column type=&#8221;4_4&#8243;][et_pb_text use_border_color=&#8221;off&#8221; background_position=&#8221;top_left&#8221; background_repeat=&#8221;repeat&#8221; background_size=&#8221;initial&#8221; module_alignment=&#8221;left&#8221; _builder_version=&#8221;3.2.2&#8243;]<\/p>\n<p>Principalmente los <strong>puente gr\u00faa GH Per\u00fa<\/strong>, filial directa de f\u00e1brica, son gr\u00faas instaladas en bodegas y en patios exteriores. Por eso, son gr\u00faas con un sistema de elevaci\u00f3n como <strong>polipasto<\/strong> o <strong>carro abierto<\/strong>.<\/p>\n<p>Hay que destacar que el rango de capacidades est\u00e1 entre los 500 Kg y los 400.000 Kg. A su vez, mencionar que los grupos de trabajo van entre M4 y M8. Por otra parte, todos los equipos son fabricados bajo norma europea y con todas las certificaciones internacionales.<\/p>\n<p>Los <strong>puente gr\u00faa GH Per\u00fa<\/strong> son sobre todo de construcci\u00f3n robusta y con un alto nivel de estandarizaci\u00f3n. Destaca tambi\u00e9n que son muy modulares y adaptables a cualquier necesidad. A su vez la combinaci\u00f3n optimizada de las estructuras de las gr\u00faas con los equipos mec\u00e1nicos de elevaci\u00f3n, direcci\u00f3n y traslaci\u00f3n es m\u00e1s que relevante. Por lo tanto, se aprovecha al m\u00e1ximo el espacio disponible y las cargas generadas son las m\u00ednimas para un mayor ahorro en la parte estructural.<\/p>\n<p>M\u00e1s que notable la estructura de viga caj\u00f3n o perfil comercial, optimizada mediante procesos de c\u00e1lculo inform\u00e1tico. Por lo cual, nuestros dise\u00f1os ofrecen la mejor opci\u00f3n t\u00e9cnico-mec\u00e1nica con la mejor relaci\u00f3n calidad-precio.<\/p>\n<p>Destacable que los mecanismos utilizados en nuestras gr\u00faas puente industriales forman parte indivisible de las mismas. Llegan abarcar la gama desde los polipastos de cadena de 500 kg hasta polipastos de cable de 100 toneladas.<\/p>\n<p>Los puentes gr\u00faa instalados se encuentran en sectores tan diversos como: <strong>aeron\u00e1utico, distribuci\u00f3n de hierros, siderurgia, hidroel\u00e9ctrico, obras p\u00fablicas, astilleros, petrolero e industria en general.<\/strong><\/p>\n<p>Finalmente, para ver m\u00e1s informaci\u00f3n sobre las gr\u00faas puente GH, acceda a la web de la <a style=\"color: #666;\" href=\"https:\/\/www.ghcranes.com\/\">sede central<\/a>.<\/p>\n<p>[\/et_pb_text][\/et_pb_column][\/et_pb_row][et_pb_row background_position=&#8221;top_left&#8221; background_repeat=&#8221;repeat&#8221; background_size=&#8221;initial&#8221;][et_pb_column type=&#8221;4_4&#8243;][et_pb_divider color=&#8221;#ffde01&#8243; show_divider=&#8221;on&#8221; divider_style=&#8221;solid&#8221; divider_position=&#8221;top&#8221; hide_on_mobile=&#8221;on&#8221; disabled_on=&#8221;on|on|off&#8221; \/][\/et_pb_column][\/et_pb_row][et_pb_row background_position=&#8221;top_left&#8221; background_repeat=&#8221;repeat&#8221; background_size=&#8221;initial&#8221;][et_pb_column type=&#8221;4_4&#8243;][et_pb_text use_border_color=&#8221;off&#8221; background_position=&#8221;top_left&#8221; background_repeat=&#8221;repeat&#8221; background_size=&#8221;initial&#8221; module_alignment=&#8221;left&#8221; _builder_version=&#8221;3.1.1&#8243;]<\/p>\n<p style=\"text-align: center; font-size: 250%;\">NUESTRA GAMA <span style=\"color: #fcbf00;\">DE PUENTES GR\u00daA<\/span><\/p>\n<p>[\/et_pb_text][\/et_pb_column][\/et_pb_row][et_pb_row background_position=&#8221;top_left&#8221; background_repeat=&#8221;repeat&#8221; background_size=&#8221;initial&#8221;][et_pb_column type=&#8221;1_3&#8243;][et_pb_image admin_label=&#8221;Puente gr\u00faa monorriel&#8221; _builder_version=&#8221;3.2.2&#8243; src=&#8221;https:\/\/peru.ghcranes.com\/oferta-grua-puente\/wp-content\/uploads\/2018\/05\/gh-peru-puente-grua-monorriel.jpg&#8221; alt=&#8221;Puente gr\u00faa monorriel&#8221; \/][\/et_pb_column][et_pb_column type=&#8221;2_3&#8243;][et_pb_text _builder_version=&#8221;3.2.2&#8243;]<\/p>\n<h2 style=\"text-align: left;\">Puente gr\u00faa monorriel<\/h2>\n<p>Destaca la estandarizaci\u00f3n de gr\u00faas de configuraci\u00f3n monorra\u00edl. Esto da como resultado el m\u00e1ximo aprovechamiento de espacios, junto con la nueva gama de polipastos de cable con dise\u00f1o optimizado en \u201cC\u201d. Cabe rese\u00f1ar que adem\u00e1s resultan m\u00e1s ligeras, por lo tanto, ofrecen menores reacciones sobre la estructura de la nave.<\/p>\n<p>[\/et_pb_text][et_pb_text _builder_version=&#8221;3.0.92&#8243; background_layout=&#8221;light&#8221; text_orientation=&#8221;right&#8221;]<\/p>\n<p><a class=\"et_pb_bg_layout_light et_pb_module et_pb_button boton_negro\" href=\"https:\/\/peru.ghcranes.com\/solicitud-de-oferta\/\">Solicitud de oferta<\/a><\/p>\n<p>[\/et_pb_text][\/et_pb_column][\/et_pb_row][et_pb_row background_position=&#8221;top_left&#8221; background_repeat=&#8221;repeat&#8221; background_size=&#8221;initial&#8221;][et_pb_column type=&#8221;1_3&#8243;][et_pb_image admin_label=&#8221;Puente gr\u00faa birriel&#8221; _builder_version=&#8221;3.2.2&#8243; src=&#8221;https:\/\/peru.ghcranes.com\/oferta-grua-puente\/wp-content\/uploads\/2018\/05\/gh-peru-puente-grua-birriel.jpg&#8221; alt=&#8221;Puente gr\u00faa birriel&#8221; \/][\/et_pb_column][et_pb_column type=&#8221;2_3&#8243;][et_pb_text _builder_version=&#8221;3.2.2&#8243;]<\/p>\n<h2 style=\"text-align: left;\">Puente gr\u00faa birriel<\/h2>\n<p>Es relevante que las gr\u00faas birra\u00edl, gracias a los sistemas de c\u00e1lculos utilizados, tienen el peso ajustado. Por lo tanto, se reducen las cargas sobre la estructura. A su vez, presentan una mayor estabilidad para el manejo de cargas voluminosas.<\/p>\n<p>[\/et_pb_text][et_pb_text _builder_version=&#8221;3.0.92&#8243; background_layout=&#8221;light&#8221; text_orientation=&#8221;right&#8221;]<\/p>\n<p><a class=\"et_pb_bg_layout_light et_pb_module et_pb_button boton_negro\" href=\"https:\/\/peru.ghcranes.com\/solicitud-de-oferta\/\">Solicitud de oferta<\/a><\/p>\n<p>[\/et_pb_text][\/et_pb_column][\/et_pb_row][et_pb_row background_position=&#8221;top_left&#8221; background_repeat=&#8221;repeat&#8221; background_size=&#8221;initial&#8221;][et_pb_column type=&#8221;1_3&#8243;][et_pb_image admin_label=&#8221;Puente gr\u00faa suspendida&#8221; _builder_version=&#8221;3.2.2&#8243; src=&#8221;https:\/\/peru.ghcranes.com\/oferta-grua-puente\/wp-content\/uploads\/2018\/05\/gh-peru-puente-grua-suspendida.jpg&#8221; alt=&#8221;Puente gr\u00faa suspendida&#8221; \/][\/et_pb_column][et_pb_column type=&#8221;2_3&#8243;][et_pb_text _builder_version=&#8221;3.2.2&#8243;]<\/p>\n<h2 style=\"text-align: left;\">Puente gr\u00faa suspendida<\/h2>\n<p>Sobre todo son una opci\u00f3n a tener en cuenta cuando no existe posibilidad de construir una estructura portante para un puente gr\u00faa.<\/p>\n<p>A su vez, las gr\u00faas suspendidas ofrecen la posibilidad de llevar voladizos para acceder a zonas complicadas.<\/p>\n<p>Al mismo tiempo, destacar tambi\u00e9n que esta clase de puentes gr\u00faa permiten la transferencia del polipasto entre distintas naves.<\/p>\n<p>[\/et_pb_text][et_pb_text _builder_version=&#8221;3.0.92&#8243; background_layout=&#8221;light&#8221; text_orientation=&#8221;right&#8221;]<\/p>\n<p><a class=\"et_pb_bg_layout_light et_pb_module et_pb_button boton_negro\" href=\"https:\/\/peru.ghcranes.com\/solicitud-de-oferta\/\">Solicitud de oferta<\/a><\/p>\n<p>[\/et_pb_text][\/et_pb_column][\/et_pb_row][et_pb_row background_position=&#8221;top_left&#8221; background_repeat=&#8221;repeat&#8221; background_size=&#8221;initial&#8221;][et_pb_column type=&#8221;1_3&#8243;][et_pb_image admin_label=&#8221;Gr\u00faas m\u00e9nsula&#8221; _builder_version=&#8221;3.2.2&#8243; src=&#8221;https:\/\/peru.ghcranes.com\/oferta-grua-puente\/wp-content\/uploads\/2018\/05\/gh-peru-puente-grua-mensula.jpg&#8221; alt=&#8221;Gr\u00faas m\u00e9nsula&#8221; \/][\/et_pb_column][et_pb_column type=&#8221;2_3&#8243;][et_pb_text _builder_version=&#8221;3.2.2&#8243;]<\/p>\n<h2 style=\"text-align: left;\">Gr\u00faas m\u00e9nsula<\/h2>\n<p>Por mucho que existan limitaciones de movilidad por el suelo, las gr\u00faas m\u00e9nsulas son una buena soluci\u00f3n. Sobre todo cuando se quiere atender varias estaciones de trabajo, en las que no es necesario tener de cubrir todo el ancho de la nave.<\/p>\n<p>Es notable que las gr\u00faas m\u00e9nsula se suelen combinar con puentes gr\u00faa, en distribuciones de varias gr\u00faas a diferentes alturas. Es m\u00e1s, teniendo una o varias gr\u00faas principales trabajando desde la parte superior de la nave y las gr\u00faas m\u00e9nsula a menor altura, en consecuencia se conseguir\u00eda atender puestos de trabajo m\u00e1s espec\u00edficos.<\/p>\n<p>[\/et_pb_text][et_pb_text _builder_version=&#8221;3.0.92&#8243; background_layout=&#8221;light&#8221; text_orientation=&#8221;right&#8221;]<\/p>\n<p><a class=\"et_pb_bg_layout_light et_pb_module et_pb_button boton_negro\" href=\"https:\/\/peru.ghcranes.com\/solicitud-de-oferta\/\">Solicitud de oferta<\/a><\/p>\n<p>[\/et_pb_text][\/et_pb_column][\/et_pb_row][et_pb_row background_position=&#8221;top_left&#8221; background_repeat=&#8221;repeat&#8221; background_size=&#8221;initial&#8221;][et_pb_column type=&#8221;4_4&#8243;][et_pb_divider color=&#8221;#ffde01&#8243; show_divider=&#8221;on&#8221; disabled_on=&#8221;on|on|off&#8221; _builder_version=&#8221;3.0.92&#8243; height=&#8221;1px&#8221; \/][\/et_pb_column][\/et_pb_row][et_pb_row background_position=&#8221;top_left&#8221; background_repeat=&#8221;repeat&#8221; background_size=&#8221;initial&#8221;][et_pb_column type=&#8221;4_4&#8243;][et_pb_text _builder_version=&#8221;3.2.2&#8243;]<\/p>\n<p><strong>Finalmente las m\u00e1s de 112.000 gr\u00faas que avalan la experiencia de GH dando soluciones para la manipulaci\u00f3n de materiales.<\/strong><\/p>\n<p>Para empezar, <strong>GH<\/strong> empez\u00f3 en 1958 como grupo empresarial dedicado a la fabricaci\u00f3n integral de gr\u00faas. Empresa fabricante principalmente de polipastos, puente gr\u00faa y componentes para gr\u00faas. A su vez en su gama de fabricaci\u00f3n podemos encontrar otros productos como p\u00f3rticos, plumas, carretones, m\u00e9nsulas, p\u00f3rticos automotores, etc.<\/p>\n<p>A su vez, cabe destacar que son ya <strong>m\u00e1s de 70 pa\u00edses<\/strong> en los que GH est\u00e1 implantado con delegaciones u oficinas comerciales. Es especialmente relevante indicar que nuestros productos est\u00e1n instalados en pr\u00e1cticamente todos los sectores industriales.<\/p>\n<p>Es m\u00e1s que posible que debido a nuestra experiencia y el reconocimiento de nuestros clientes, <strong>GH<\/strong> est\u00e9 entre los principales fabricantes en el sector de la elevaci\u00f3n.<\/p>\n<p>[\/et_pb_text][\/et_pb_column][\/et_pb_row][\/et_pb_section][et_pb_section bb_built=&#8221;1&#8243; fullwidth=&#8221;off&#8221; specialty=&#8221;off&#8221; _builder_version=&#8221;3.0.92&#8243; background_color=&#8221;#ffffff&#8221; background_image=&#8221;https:\/\/peru.ghcranes.com\/oferta-grua-puente\/wp-content\/uploads\/2018\/04\/pie.png&#8221; custom_padding=&#8221;0px|||&#8221; prev_background_color=&#8221;rgba(255,255,255,0)&#8221;][et_pb_row][et_pb_column type=&#8221;1_2&#8243;][et_pb_text _builder_version=&#8221;3.2.2&#8243;]<\/p>\n<p><img loading=\"lazy\" class=\"alignright wp-image-87 size-full\" style=\"margin-right: -5%;\" src=\"https:\/\/peru.ghcranes.com\/oferta-grua-puente\/wp-content\/uploads\/2018\/05\/logo_GH-peru.png\" alt=\"Logo GH Cranes &amp; Components - Puente gr\u00faa\" width=\"114\" height=\"49\"><\/p>\n<p>[\/et_pb_text][\/et_pb_column][et_pb_column type=&#8221;1_2&#8243;][et_pb_text _builder_version=&#8221;3.0.92&#8243; background_layout=&#8221;light&#8221;]<\/p>\n<p style=\"font-size: 90%; line-height: 20px; margin-top: -5px;\"><strong>GH Puentes Gr\u00faa Per\u00fa S.A.C.<\/strong><br \/>\nCalle Bolognesi 125 Of. 19 MIRAFLORES &#8211; 15074 LIMA (Per\u00fa)<br \/>\nT: 0051 1 734 32 99 &#8211; mail: <span style=\"color: #808080;\"><a style=\"color: #666;\" href=\"mailto:gferradas@ghsa.com\">gferradas@ghsa.com<\/a><\/span><\/p>\n<p>[\/et_pb_text][\/et_pb_column][\/et_pb_row][\/et_pb_section]<\/p>\n","protected":false},"excerpt":{"rendered":"<p>[et_pb_section bb_built=&#8221;1&#8243; fullwidth=&#8221;off&#8221; specialty=&#8221;off&#8221; transparent_background=&#8221;off&#8221; background_color=&#8221;#ffde01&#8243; allow_player_pause=&#8221;off&#8221; inner_shadow=&#8221;off&#8221; parallax=&#8221;off&#8221; parallax_method=&#8221;off&#8221; padding_mobile=&#8221;off&#8221; make_fullwidth=&#8221;off&#8221; use_custom_width=&#8221;off&#8221; width_unit=&#8221;on&#8221; make_equal=&#8221;off&#8221; use_custom_gutter=&#8221;off&#8221; custom_padding=&#8221;0px||0px|&#8221; custom_padding_last_edited=&#8221;off|desktop&#8221; custom_padding_tablet=&#8221;50px|0|50px|0&#8243; next_background_color=&#8221;#FFFFFF&#8221;][et_pb_row make_fullwidth=&#8221;off&#8221; use_custom_width=&#8221;off&#8221; width_unit=&#8221;on&#8221; use_custom_gutter=&#8221;off&#8221; padding_mobile=&#8221;off&#8221; allow_player_pause=&#8221;off&#8221; parallax=&#8221;off&#8221; parallax_method=&#8221;off&#8221; make_equal=&#8221;off&#8221; parallax_1=&#8221;off&#8221; parallax_method_1=&#8221;off&#8221; parallax_2=&#8221;off&#8221; parallax_method_2=&#8221;off&#8221; column_padding_mobile=&#8221;on&#8221; custom_padding=&#8221;5px||5px|&#8221; parallax_3=&#8221;off&#8221; parallax_method_3=&#8221;off&#8221; background_position=&#8221;top_left&#8221; background_repeat=&#8221;repeat&#8221; background_size=&#8221;initial&#8221;][et_pb_column type=&#8221;1_3&#8243;][et_pb_image admin_label=&#8221;Logo&#8221; src=&#8221;https:\/\/peru.ghcranes.com\/oferta-grua-puente\/wp-content\/uploads\/2018\/05\/logo_GH-peru.png&#8221; alt=&#8221;Logo GH Cranes &amp; Components&#8221; animation=&#8221;off&#8221; sticky=&#8221;off&#8221; use_border_color=&#8221;off&#8221; border_color=&#8221;#ffffff&#8221; border_style=&#8221;solid&#8221; custom_margin=&#8221;10px||10px|&#8221; url=&#8221;https:\/\/peru.ghcranes.com\/oferta-grua-puente\/&#8221; [&hellip;]<\/p>\n","protected":false},"author":1,"featured_media":0,"parent":0,"menu_order":0,"comment_status":"closed","ping_status":"closed","template":"","meta":{"_et_pb_use_builder":"on","_et_pb_old_content":"","_et_gb_content_width":"","_monsterinsights_skip_tracking":false,"_monsterinsights_sitenote_active":false,"_monsterinsights_sitenote_note":"","_monsterinsights_sitenote_category":0},"yoast_head":"<!-- This site is optimized with the Yoast SEO plugin v15.6.2 - https:\/\/yoast.com\/wordpress\/plugins\/seo\/ -->\n<title>GH GR\u00daAS Y COMPONENTES - PUENTE GR\u00daA - PER\u00da<\/title>\n<meta name=\"description\" content=\"Puente gr\u00faa para cualquier soluci\u00f3n sobre elevaci\u00f3n de carga en la industria. 60 a\u00f1os de experiencia en la fabricaci\u00f3n de gr\u00faas para todo tipo de sectores industriales. Gr\u00faas monorriel, gr\u00faas birriel, gr\u00faas suspendidas, gr\u00faas m\u00e9nsula.\" \/>\n<meta name=\"robots\" content=\"index, follow, max-snippet:-1, max-image-preview:large, max-video-preview:-1\" \/>\n<link rel=\"canonical\" href=\"https:\/\/peru.ghcranes.com\/oferta-grua-puente\/puente-grua\/\" \/>\n<meta property=\"og:locale\" content=\"es_ES\" \/>\n<meta property=\"og:type\" content=\"article\" \/>\n<meta property=\"og:title\" content=\"GH GR\u00daAS Y COMPONENTES - PUENTE GR\u00daA - PER\u00da\" \/>\n<meta property=\"og:description\" content=\"Puente gr\u00faa para cualquier soluci\u00f3n sobre elevaci\u00f3n de carga en la industria. 60 a\u00f1os de experiencia en la fabricaci\u00f3n de gr\u00faas para todo tipo de sectores industriales. Gr\u00faas monorriel, gr\u00faas birriel, gr\u00faas suspendidas, gr\u00faas m\u00e9nsula.\" \/>\n<meta property=\"og:url\" content=\"https:\/\/peru.ghcranes.com\/oferta-grua-puente\/puente-grua\/\" \/>\n<meta property=\"og:site_name\" content=\"Gruas Peru\" \/>\n<meta property=\"article:modified_time\" content=\"2019-09-25T12:45:27+00:00\" \/>\n<meta property=\"og:image\" content=\"https:\/\/peru.ghcranes.com\/oferta-grua-puente\/wp-content\/uploads\/2018\/05\/logo_GH-peru.png\" \/>\n<meta name=\"twitter:card\" content=\"summary_large_image\" \/>\n<meta name=\"twitter:label1\" content=\"Tiempo de lectura\">\n\t<meta name=\"twitter:data1\" content=\"9 minutos\">\n<script type=\"application\/ld+json\" class=\"yoast-schema-graph\">{\"@context\":\"https:\/\/schema.org\",\"@graph\":[{\"@type\":\"WebSite\",\"@id\":\"https:\/\/peru.ghcranes.com\/oferta-grua-puente\/#website\",\"url\":\"https:\/\/peru.ghcranes.com\/oferta-grua-puente\/\",\"name\":\"Gruas Peru\",\"description\":\"GH fabricante de gr\\u00faas y polipastos\",\"potentialAction\":[{\"@type\":\"SearchAction\",\"target\":\"https:\/\/peru.ghcranes.com\/oferta-grua-puente\/?s={search_term_string}\",\"query-input\":\"required name=search_term_string\"}],\"inLanguage\":\"es\"},{\"@type\":\"ImageObject\",\"@id\":\"https:\/\/peru.ghcranes.com\/oferta-grua-puente\/puente-grua\/#primaryimage\",\"inLanguage\":\"es\",\"url\":\"https:\/\/peru.ghcranes.com\/oferta-grua-puente\/wp-content\/uploads\/2018\/05\/logo_GH-peru.png\",\"width\":140,\"height\":60,\"caption\":\"Logo GH Cranes & Components\"},{\"@type\":\"WebPage\",\"@id\":\"https:\/\/peru.ghcranes.com\/oferta-grua-puente\/puente-grua\/#webpage\",\"url\":\"https:\/\/peru.ghcranes.com\/oferta-grua-puente\/puente-grua\/\",\"name\":\"GH GR\\u00daAS Y COMPONENTES - PUENTE GR\\u00daA - PER\\u00da\",\"isPartOf\":{\"@id\":\"https:\/\/peru.ghcranes.com\/oferta-grua-puente\/#website\"},\"primaryImageOfPage\":{\"@id\":\"https:\/\/peru.ghcranes.com\/oferta-grua-puente\/puente-grua\/#primaryimage\"},\"datePublished\":\"2018-04-20T10:21:53+00:00\",\"dateModified\":\"2019-09-25T12:45:27+00:00\",\"description\":\"Puente gr\\u00faa para cualquier soluci\\u00f3n sobre elevaci\\u00f3n de carga en la industria. 60 a\\u00f1os de experiencia en la fabricaci\\u00f3n de gr\\u00faas para todo tipo de sectores industriales. Gr\\u00faas monorriel, gr\\u00faas birriel, gr\\u00faas suspendidas, gr\\u00faas m\\u00e9nsula.\",\"inLanguage\":\"es\",\"potentialAction\":[{\"@type\":\"ReadAction\",\"target\":[\"https:\/\/peru.ghcranes.com\/oferta-grua-puente\/puente-grua\/\"]}]}]}<\/script>\n<!-- \/ Yoast SEO plugin. -->","_links":{"self":[{"href":"https:\/\/peru.ghcranes.com\/oferta-grua-puente\/wp-json\/wp\/v2\/pages\/621"}],"collection":[{"href":"https:\/\/peru.ghcranes.com\/oferta-grua-puente\/wp-json\/wp\/v2\/pages"}],"about":[{"href":"https:\/\/peru.ghcranes.com\/oferta-grua-puente\/wp-json\/wp\/v2\/types\/page"}],"author":[{"embeddable":true,"href":"https:\/\/peru.ghcranes.com\/oferta-grua-puente\/wp-json\/wp\/v2\/users\/1"}],"replies":[{"embeddable":true,"href":"https:\/\/peru.ghcranes.com\/oferta-grua-puente\/wp-json\/wp\/v2\/comments?post=621"}],"version-history":[{"count":13,"href":"https:\/\/peru.ghcranes.com\/oferta-grua-puente\/wp-json\/wp\/v2\/pages\/621\/revisions"}],"predecessor-version":[{"id":697,"href":"https:\/\/peru.ghcranes.com\/oferta-grua-puente\/wp-json\/wp\/v2\/pages\/621\/revisions\/697"}],"wp:attachment":[{"href":"https:\/\/peru.ghcranes.com\/oferta-grua-puente\/wp-json\/wp\/v2\/media?parent=621"}],"curies":[{"name":"wp","href":"https:\/\/api.w.org\/{rel}","templated":true}]}}